{"id":37,"date":"2026-01-26T12:59:11","date_gmt":"2026-01-26T11:59:11","guid":{"rendered":"https:\/\/www.fundefoerderung.de\/landing\/?page_id=37"},"modified":"2026-01-30T14:02:43","modified_gmt":"2026-01-30T13:02:43","slug":"services","status":"publish","type":"page","link":"https:\/\/www.fundefoerderung.de\/landing\/services\/","title":{"rendered":"Services"},"content":{"rendered":"\n<div class=\"wp-block-uagb-container uagb-block-e5972208 alignfull uagb-is-root-container\"><div class=\"uagb-container-inner-blocks-wrap\">\n<div class=\"wp-block-uagb-advanced-heading uagb-block-b371cc12\"><p class=\"uagb-desc-text\">Unsere Dienstleistungen<\/p><h1 class=\"uagb-heading-text\">Umfassende Unterst\u00fctzung bei F\u00f6rderantr\u00e4gen<\/h1><\/div>\n<\/div><\/div>\n\n\n\n<div class=\"wp-block-uagb-container uagb-block-edca4a69 alignfull uagb-is-root-container\"><div class=\"uagb-container-inner-blocks-wrap\">\n<div class=\"wp-block-uagb-container uagb-layout-grid uagb-block-53eeea40\">\n<div class=\"wp-block-uagb-container uagb-block-66ce8d2d\">\n<div class=\"wp-block-uagb-info-box uagb-block-68e6db93 uagb-infobox__content-wrap  uagb-infobox-icon-above-title uagb-infobox-image-valign-top\"><div class=\"uagb-ifb-content\"><div class=\"uagb-ifb-title-wrap\"><span class=\"uagb-ifb-title-prefix\">01.<\/span><h2 class=\"uagb-ifb-title\">Potenzialanalyse<\/h2><\/div><p class=\"uagb-ifb-desc\">Pr\u00fcfung der rechtlichen Grundlagen sowie Projekt-Screening. <strong>Dabei bewerten wir die F\u00f6rderf\u00e4higkeit, rechtliche Rahmenbedingungen und das wirtschaftliche Potenzial der jeweiligen Projekte.<\/strong><\/p><\/div><\/div>\n<\/div>\n\n\n\n<div class=\"wp-block-uagb-image uagb-block-185affb3 wp-block-uagb-image--layout-default wp-block-uagb-image--effect-static wp-block-uagb-image--align-none\"><figure class=\"wp-block-uagb-image__figure\"><img decoding=\"async\" srcset=\"https:\/\/www.fundefoerderung.de\/landing\/wp-content\/uploads\/2026\/01\/pexels-photo-9574330.jpeg ,https:\/\/www.fundefoerderung.de\/landing\/wp-content\/uploads\/2026\/01\/pexels-photo-9574330.jpeg 780w, https:\/\/www.fundefoerderung.de\/landing\/wp-content\/uploads\/2026\/01\/pexels-photo-9574330.jpeg 360w\" sizes=\"auto, (max-width: 480px) 150px\" src=\"https:\/\/www.fundefoerderung.de\/landing\/wp-content\/uploads\/2026\/01\/pexels-photo-9574330.jpeg\" alt=\"Close-up of laboratory equipment used for biochemical and pharmaceutical analysis.\" class=\"uag-image-16\" width=\"600\" height=\"400\" title=\"services-01\" loading=\"lazy\" role=\"img\"\/><\/figure><\/div>\n<\/div>\n\n\n\n<div class=\"wp-block-uagb-container uagb-layout-grid uagb-block-b255260d\">\n<div class=\"wp-block-uagb-image uagb-block-b86a27d4 wp-block-uagb-image--layout-default wp-block-uagb-image--effect-static wp-block-uagb-image--align-none\"><figure class=\"wp-block-uagb-image__figure\"><img decoding=\"async\" srcset=\"https:\/\/www.fundefoerderung.de\/landing\/wp-content\/uploads\/2026\/01\/pexels-photo-6855582-1024x682.jpeg ,https:\/\/www.fundefoerderung.de\/landing\/wp-content\/uploads\/2026\/01\/pexels-photo-6855582.jpeg 780w, https:\/\/www.fundefoerderung.de\/landing\/wp-content\/uploads\/2026\/01\/pexels-photo-6855582.jpeg 360w\" sizes=\"auto, (max-width: 480px) 150px\" src=\"https:\/\/www.fundefoerderung.de\/landing\/wp-content\/uploads\/2026\/01\/pexels-photo-6855582-1024x682.jpeg\" alt=\"A close-up view inside CERN's Large Hadron Collider in Geneva, Switzerland.\" class=\"uag-image-19\" width=\"600\" height=\"400\" title=\"pexels-photo-6855582\" loading=\"lazy\" role=\"img\"\/><\/figure><\/div>\n\n\n\n<div class=\"wp-block-uagb-container uagb-block-06f958a5\">\n<div class=\"wp-block-uagb-info-box uagb-block-eda0d834 uagb-infobox__content-wrap  uagb-infobox-icon-above-title uagb-infobox-image-valign-top\"><div class=\"uagb-ifb-content\"><div class=\"uagb-ifb-title-wrap\"><span class=\"uagb-ifb-title-prefix\">02.<\/span><h2 class=\"uagb-ifb-title\">Dokumentation und Antragserstellung<\/h2><\/div><p class=\"uagb-ifb-desc\">Nach gr\u00fcndlicher Pr\u00fcfung der technischen und kaufm\u00e4nnischen Daten \u00fcbernehmen wir federf\u00fchrend die Antragstellung f\u00fcr Sie. <strong>Dabei koordinieren wir alle erforderlichen Unterlagen und sorgen f\u00fcr eine frist- und formgerechte Einreichung.<\/strong><\/p><\/div><\/div>\n<\/div>\n<\/div>\n\n\n\n<div class=\"wp-block-uagb-container uagb-layout-grid uagb-block-13bfb87f\">\n<div class=\"wp-block-uagb-container uagb-block-698e6038\">\n<div class=\"wp-block-uagb-info-box uagb-block-54640af0 uagb-infobox__content-wrap  uagb-infobox-icon-above-title uagb-infobox-image-valign-top\"><div class=\"uagb-ifb-content\"><div class=\"uagb-ifb-title-wrap\"><span class=\"uagb-ifb-title-prefix\">03.<\/span><h2 class=\"uagb-ifb-title\">Nacharbeit<\/h2><\/div><p class=\"uagb-ifb-desc\">Nach Bewilligung durch die BSFZ unterst\u00fctzen wir Sie dabei, alle Dokumente und Antr\u00e4ge DSGVO-konform zu organisieren und abzulegen. <strong>So stellen wir eine revisionssichere Struktur sicher und reduzieren den administrativen Aufwand nachhaltig.<\/strong><\/p><\/div><\/div>\n<\/div>\n\n\n\n<div class=\"wp-block-uagb-image uagb-block-945a1bf4 wp-block-uagb-image--layout-default wp-block-uagb-image--effect-static wp-block-uagb-image--align-none\"><figure class=\"wp-block-uagb-image__figure\"><img decoding=\"async\" srcset=\"https:\/\/www.fundefoerderung.de\/landing\/wp-content\/uploads\/2026\/01\/pexels-photo-8438994.jpeg ,https:\/\/www.fundefoerderung.de\/landing\/wp-content\/uploads\/2026\/01\/pexels-photo-8438994.jpeg 780w, https:\/\/www.fundefoerderung.de\/landing\/wp-content\/uploads\/2026\/01\/pexels-photo-8438994.jpeg 360w\" sizes=\"auto, (max-width: 480px) 150px\" src=\"https:\/\/www.fundefoerderung.de\/landing\/wp-content\/uploads\/2026\/01\/pexels-photo-8438994.jpeg\" alt=\"Researchers in lab coats and safety glasses engaging with a robotic arm in a lab setting.\" class=\"uag-image-18\" width=\"600\" height=\"400\" title=\"services-03\" loading=\"lazy\" role=\"img\"\/><\/figure><\/div>\n<\/div>\n\n\n\n<div class=\"wp-block-uagb-container uagb-block-9627d3ce\">\n<div class=\"wp-block-columns is-layout-flex wp-container-core-columns-is-layout-28f84493 wp-block-columns-is-layout-flex\">\n<div class=\"wp-block-column is-layout-flow wp-block-column-is-layout-flow\" style=\"flex-basis:100%\">\n<div class=\"wp-block-uagb-info-box uagb-block-d2e51d04 uagb-infobox__content-wrap  uagb-infobox-icon-above-title uagb-infobox-image-valign-top\"><div class=\"uagb-ifb-content\"><div class=\"uagb-ifb-title-wrap\"><h2 class=\"uagb-ifb-title\">F\u00f6rderf\u00e4hig?<\/h2><\/div><div class=\"uagb-ifb-desc\">\n<p style=\"font-size:16px\">Wir beraten Unternehmen aus zahlreichen Branchen, darunter unter anderem: <br>&#8211; Automobilindustrie <br>&#8211; Maschinenbau <br>&#8211; Medizintechnik <br>&#8211; IT und Software <br>&#8211; Chemie <br>&#8211; Elektrotechnik <br>&#8211; Energie- und Umwelttechnik <br>&#8211; Biotechnologie <br>&#8211; Luft- und Raumfahrt <br>&#8211; Industrie 4.0 <br>&#8211; Logistik <br>&#8211; Wissenschaftliche und technische Dienstleistungen<br><br>Sie sind unsicher, ob Ihr Projekt f\u00f6rderf\u00e4hig ist? Wir pr\u00fcfen es gerne f\u00fcr Sie.<\/p>\n\n\n\n<p> <\/p>\n<\/div><div class=\"uagb-ifb-button-wrapper wp-block-button\"><a href=\"https:\/\/www.fundefoerderung.de\/landing\/contact\/\" class=\"uagb-infobox-cta-link ast-outline-button\" target=\"_self\" rel=\"noopener noreferrer\" style=\"border-width:revert-layer\" onclick=\"return true;\"><span class=\"uagb-inline-editing\">Jetzt unverbindlichen Termin vereinbaren<\/span><\/a><\/div><\/div><\/div>\n<\/div>\n<\/div>\n<\/div>\n<\/div><\/div>\n\n\n\n<div class=\"wp-block-uagb-container uagb-block-353480fd alignfull uagb-is-root-container\"><div class=\"uagb-container-inner-blocks-wrap\">\n<div class=\"wp-block-uagb-info-box uagb-block-289af9f9 uagb-infobox__content-wrap  uagb-infobox-icon-above-title uagb-infobox-image-valign-top\"><div class=\"uagb-ifb-content\"><div class=\"uagb-ifb-title-wrap\"><h2 class=\"uagb-ifb-title\">Jetzt F\u00f6rdermittel sichern und Chancen nutzen!<\/h2><\/div><p class=\"uagb-ifb-desc\">Kontaktieren Sie uns f\u00fcr eine individuelle Beratung zu Ihren F\u00f6rderprojekten.<\/p><div class=\"uagb-ifb-button-wrapper wp-block-button\"><a href=\"\/landing\/contact\/\" class=\"uagb-infobox-cta-link wp-block-button__link\" target=\"_self\" rel=\"noopener noreferrer\" onclick=\"return true;\"><span class=\"uagb-inline-editing\">Jetzt starten<\/span><\/a><\/div><\/div><\/div>\n<\/div><\/div>\n","protected":false},"excerpt":{"rendered":"<p>Unsere Dienstleistungen Umfassende Unterst\u00fctzung bei F\u00f6rderantr\u00e4gen<\/p>\n","protected":false},"author":1,"featured_media":0,"parent":0,"menu_order":0,"comment_status":"closed","ping_status":"closed","template":"","meta":{"_uag_custom_page_level_css":"","site-sidebar-layout":"default","site-content-layout":"","ast-site-content-layout":"default","site-content-style":"default","site-sidebar-style":"default","ast-global-header-display":"","ast-banner-title-visibility":"","ast-main-header-display":"","ast-hfb-above-header-display":"","ast-hfb-below-header-display":"","ast-hfb-mobile-header-display":"","site-post-title":"disabled","ast-breadcrumbs-content":"","ast-featured-img":"","footer-sml-layout":"","ast-disable-related-posts":"","theme-transparent-header-meta":"","adv-header-id-meta":"","stick-header-meta":"","header-above-stick-meta":"","header-main-stick-meta":"","header-below-stick-meta":"","astra-migrate-meta-layouts":"default","ast-page-background-enabled":"default","ast-page-background-meta":{"desktop":{"background-color":"var(--ast-global-color-4)","background-image":"","background-repeat":"repeat","background-position":"center center","background-size":"auto","background-attachment":"scroll","background-type":"","background-media":"","overlay-type":"","overlay-color":"","overlay-opacity":"","overlay-gradient":""},"tablet":{"background-color":"","background-image":"","background-repeat":"repeat","background-position":"center center","background-size":"auto","background-attachment":"scroll","background-type":"","background-media":"","overlay-type":"","overlay-color":"","overlay-opacity":"","overlay-gradient":""},"mobile":{"background-color":"","background-image":"","background-repeat":"repeat","background-position":"center center","background-size":"auto","background-attachment":"scroll","background-type":"","background-media":"","overlay-type":"","overlay-color":"","overlay-opacity":"","overlay-gradient":""}},"ast-content-background-meta":{"desktop":{"background-color":"var(--ast-global-color-5)","background-image":"","background-repeat":"repeat","background-position":"center center","background-size":"auto","background-attachment":"scroll","background-type":"","background-media":"","overlay-type":"","overlay-color":"","overlay-opacity":"","overlay-gradient":""},"tablet":{"background-color":"var(--ast-global-color-5)","background-image":"","background-repeat":"repeat","background-position":"center center","background-size":"auto","background-attachment":"scroll","background-type":"","background-media":"","overlay-type":"","overlay-color":"","overlay-opacity":"","overlay-gradient":""},"mobile":{"background-color":"var(--ast-global-color-5)","background-image":"","background-repeat":"repeat","background-position":"center center","background-size":"auto","background-attachment":"scroll","background-type":"","background-media":"","overlay-type":"","overlay-color":"","overlay-opacity":"","overlay-gradient":""}},"footnotes":""},"class_list":["post-37","page","type-page","status-publish","hentry"],"uagb_featured_image_src":{"full":false,"thumbnail":false,"medium":false,"medium_large":false,"large":false,"1536x1536":false,"2048x2048":false},"uagb_author_info":{"display_name":"aloidmin","author_link":"https:\/\/www.fundefoerderung.de\/landing\/author\/aloidmin\/"},"uagb_comment_info":0,"uagb_excerpt":"Unsere Dienstleistungen Umfassende Unterst\u00fctzung bei F\u00f6rderantr\u00e4gen","_links":{"self":[{"href":"https:\/\/www.fundefoerderung.de\/landing\/wp-json\/wp\/v2\/pages\/37","targetHints":{"allow":["GET"]}}],"collection":[{"href":"https:\/\/www.fundefoerderung.de\/landing\/wp-json\/wp\/v2\/pages"}],"about":[{"href":"https:\/\/www.fundefoerderung.de\/landing\/wp-json\/wp\/v2\/types\/page"}],"author":[{"embeddable":true,"href":"https:\/\/www.fundefoerderung.de\/landing\/wp-json\/wp\/v2\/users\/1"}],"replies":[{"embeddable":true,"href":"https:\/\/www.fundefoerderung.de\/landing\/wp-json\/wp\/v2\/comments?post=37"}],"version-history":[{"count":10,"href":"https:\/\/www.fundefoerderung.de\/landing\/wp-json\/wp\/v2\/pages\/37\/revisions"}],"predecessor-version":[{"id":381,"href":"https:\/\/www.fundefoerderung.de\/landing\/wp-json\/wp\/v2\/pages\/37\/revisions\/381"}],"wp:attachment":[{"href":"https:\/\/www.fundefoerderung.de\/landing\/wp-json\/wp\/v2\/media?parent=37"}],"curies":[{"name":"wp","href":"https:\/\/api.w.org\/{rel}","templated":true}]}}