{"id":36,"date":"2026-01-26T12:59:11","date_gmt":"2026-01-26T11:59:11","guid":{"rendered":"https:\/\/www.fundefoerderung.de\/landing\/?page_id=36"},"modified":"2026-01-30T13:45:56","modified_gmt":"2026-01-30T12:45:56","slug":"about","status":"publish","type":"page","link":"https:\/\/www.fundefoerderung.de\/landing\/about\/","title":{"rendered":"About"},"content":{"rendered":"\n<div class=\"wp-block-uagb-container uagb-block-e5972208 alignfull uagb-is-root-container\"><div class=\"uagb-container-inner-blocks-wrap\">\n<div class=\"wp-block-uagb-advanced-heading uagb-block-b371cc12\"><p class=\"uagb-desc-text\">\u00dcber uns<\/p><h1 class=\"uagb-heading-text\">Ihr Partner f\u00fcr erfolgreiche F\u00f6rdermittelantr\u00e4ge im F&amp;E-Bereich<\/h1><\/div>\n<\/div><\/div>\n\n\n\n<div class=\"wp-block-uagb-container uagb-block-28fa86dc alignfull uagb-is-root-container\"><div class=\"uagb-container-inner-blocks-wrap\">\n<div class=\"wp-block-uagb-container uagb-block-18062607\">\n<div class=\"wp-block-uagb-image uagb-block-0be442bf wp-block-uagb-image--layout-default wp-block-uagb-image--effect-static wp-block-uagb-image--align-none\"><figure class=\"wp-block-uagb-image__figure\"><img decoding=\"async\" srcset=\"https:\/\/www.fundefoerderung.de\/landing\/wp-content\/uploads\/2026\/01\/pexels-photo-3861435.jpeg ,https:\/\/www.fundefoerderung.de\/landing\/wp-content\/uploads\/2026\/01\/pexels-photo-3861435.jpeg 780w, https:\/\/www.fundefoerderung.de\/landing\/wp-content\/uploads\/2026\/01\/pexels-photo-3861435.jpeg 360w\" sizes=\"auto, (max-width: 480px) 150px\" src=\"https:\/\/www.fundefoerderung.de\/landing\/wp-content\/uploads\/2026\/01\/pexels-photo-3861435.jpeg\" alt=\"Researchers analyzing innovative materials with eco-friendly potential in a laboratory setting.\" class=\"uag-image-20\" width=\"560\" height=\"500\" title=\"about-us\" loading=\"lazy\" role=\"img\"\/><\/figure><\/div>\n\n\n\n<div class=\"wp-block-uagb-container uagb-block-ea15cb0a\">\n<div class=\"wp-block-uagb-container uagb-block-bc8fb7c9\">\n<div class=\"wp-block-uagb-counter uagb-block-d1f2f60b wp-block-uagb-counter--number\"><div class=\"wp-block-uagb-counter__number\"><span class=\"uagb-counter-block-number\" data-duration=\"1.5\" data-to-value=\"15\" data-from-value=\"0\" data-delimiter=\",\"><\/span><span class=\"uagb-counter-block-suffix\">+<\/span><\/div><div class=\"wp-block-uagb-counter__title\">Jahre kumulative Erfahrung<\/div><\/div>\n<\/div>\n\n\n\n<div class=\"wp-block-uagb-container uagb-block-733a60e1\">\n<div class=\"wp-block-uagb-counter uagb-block-6c75e0ad wp-block-uagb-counter--number\"><div class=\"wp-block-uagb-counter__number\"><span class=\"uagb-counter-block-number\" data-duration=\"1.5\" data-to-value=\"10\" data-from-value=\"0\" data-delimiter=\",\"><\/span><span class=\"uagb-counter-block-suffix\">+<\/span><\/div><div class=\"wp-block-uagb-counter__title\">Teammitglieder<\/div><\/div>\n<\/div>\n\n\n\n<div class=\"wp-block-uagb-container uagb-block-9b243be6\">\n<div class=\"wp-block-uagb-counter uagb-block-dd716b88 wp-block-uagb-counter--number\"><div class=\"wp-block-uagb-counter__number\"><span class=\"uagb-counter-block-number\" data-duration=\"1.5\" data-to-value=\"90\" data-from-value=\"0\" data-delimiter=\",\"><\/span><span class=\"uagb-counter-block-suffix\">+%<\/span><\/div><div class=\"wp-block-uagb-counter__title\">Erfolgsrate<\/div><\/div>\n<\/div>\n\n\n\n<div class=\"wp-block-uagb-container uagb-block-92d8df2f\">\n<div class=\"wp-block-uagb-counter uagb-block-d9cb5f03 wp-block-uagb-counter--number\"><div class=\"wp-block-uagb-counter__number\"><span class=\"uagb-counter-block-number\" data-duration=\"1.5\" data-to-value=\"50\" data-from-value=\"0\" data-delimiter=\",\"><\/span><span class=\"uagb-counter-block-suffix\">+<\/span><\/div><div class=\"wp-block-uagb-counter__title\">abgeschlossene Projekte<\/div><\/div>\n<\/div>\n<\/div>\n<\/div>\n\n\n\n<div class=\"wp-block-uagb-container uagb-block-7f0c016a\">\n<div class=\"wp-block-uagb-advanced-heading uagb-block-8a54fc41\"><p class=\"uagb-desc-text\">Unsere Mission<\/p><h2 class=\"uagb-heading-text\">Innovationsf\u00f6rderung durch professionelle Beratung und Expertise im F\u00f6rdermittelbereich<\/h2><\/div>\n\n\n\n<div class=\"wp-block-uagb-advanced-heading uagb-block-a33c8efa\"><p class=\"uagb-heading-text\">Wir unterst\u00fctzen Unternehmen dabei, ihre F&amp;E-Projekte optimal zu finanzieren und b\u00fcrokratische H\u00fcrden zu minimieren, was zu einer h\u00f6heren F\u00f6rderquote f\u00fchrt.<\/p><p class=\"uagb-desc-text\">Alois Gmur R&amp;D Consulting hat zahlreichen Unternehmen in verschiedenen Branchen geholfen, ihre Innovationsprojekte erfolgreich zu finanzieren. Unsere systematische Herangehensweise an F&amp;E-Antr\u00e4ge hat zu signifikanten Verbesserungen in den F\u00f6rderquoten und einer reibungsloseren Prozessabwicklung gef\u00fchrt.<\/p><\/div>\n\n\n\n<div class=\"wp-block-uagb-image uagb-block-2cef716a wp-block-uagb-image--layout-default wp-block-uagb-image--effect-static wp-block-uagb-image--align-none\"><figure class=\"wp-block-uagb-image__figure\"><img decoding=\"async\" srcset=\"https:\/\/www.fundefoerderung.de\/landing\/wp-content\/uploads\/2026\/01\/pexels-photo-4384666.jpeg ,https:\/\/www.fundefoerderung.de\/landing\/wp-content\/uploads\/2026\/01\/pexels-photo-4384666.jpeg 780w, https:\/\/www.fundefoerderung.de\/landing\/wp-content\/uploads\/2026\/01\/pexels-photo-4384666.jpeg 360w\" sizes=\"auto, (max-width: 480px) 150px\" src=\"https:\/\/www.fundefoerderung.de\/landing\/wp-content\/uploads\/2026\/01\/pexels-photo-4384666.jpeg\" alt=\"Researchers interacting with futuristic screens in a modern data center setting.\" class=\"uag-image-21\" width=\"560\" height=\"300\" title=\"who-we-are\" loading=\"lazy\" role=\"img\"\/><\/figure><\/div>\n<\/div>\n<\/div><\/div>\n\n\n\n<div class=\"wp-block-uagb-container uagb-layout-grid uagb-block-b73b02d3 alignfull uagb-is-root-container\"><div class=\"uagb-container-inner-blocks-wrap\">\n<div class=\"wp-block-uagb-container uagb-block-68004fa2\">\n<div class=\"wp-block-uagb-info-box uagb-block-777883ce uagb-infobox__content-wrap  uagb-infobox-icon-above-title uagb-infobox-image-valign-top\"><div class=\"uagb-ifb-content\"><div class=\"uagb-ifb-title-wrap\"><p class=\"uagb-ifb-title-prefix\">Unsere Geschichte<\/p><h2 class=\"uagb-ifb-title\">Die Entwicklung von Alois Gmur R&amp;D Consulting<\/h2><\/div><p class=\"uagb-ifb-desc\">Alois Gmur R&amp;D Consulting wurde gegr\u00fcndet, um Unternehmen bei der Beantragung von F\u00f6rdermitteln zu unterst\u00fctzen. Mit langj\u00e4hriger Erfahrung und Fachwissen in verschiedenen Branchen haben wir uns als verl\u00e4sslicher Partner etabliert, der Unternehmen durch den komplexen F\u00f6rderprozess begleitet und echte Ergebnisse liefert.<\/p><\/div><\/div>\n<\/div>\n\n\n\n<div class=\"wp-block-uagb-image uagb-block-1c8aa24f wp-block-uagb-image--layout-default wp-block-uagb-image--effect-static wp-block-uagb-image--align-none\"><figure class=\"wp-block-uagb-image__figure\"><img decoding=\"async\" srcset=\"https:\/\/www.fundefoerderung.de\/landing\/wp-content\/uploads\/2026\/01\/pexels-photo-210607.jpeg ,https:\/\/www.fundefoerderung.de\/landing\/wp-content\/uploads\/2026\/01\/pexels-photo-210607.jpeg 780w, https:\/\/www.fundefoerderung.de\/landing\/wp-content\/uploads\/2026\/01\/pexels-photo-210607.jpeg 360w\" sizes=\"auto, (max-width: 480px) 150px\" src=\"https:\/\/www.fundefoerderung.de\/landing\/wp-content\/uploads\/2026\/01\/pexels-photo-210607.jpeg\" alt=\"Close-up of a digital stock market data display showing colorful financial numbers and trends.\" class=\"uag-image-22\" width=\"600\" height=\"500\" title=\"our-story\" loading=\"lazy\" role=\"img\"\/><\/figure><\/div>\n<\/div><\/div>\n\n\n\n\n\n<div class=\"wp-block-uagb-container uagb-block-353480fd alignfull uagb-is-root-container\"><div class=\"uagb-container-inner-blocks-wrap\">\n<div class=\"wp-block-uagb-info-box uagb-block-289af9f9 uagb-infobox__content-wrap  uagb-infobox-icon-above-title uagb-infobox-image-valign-top\"><div class=\"uagb-ifb-content\"><div class=\"uagb-ifb-title-wrap\"><h2 class=\"uagb-ifb-title\">Jetzt F\u00f6rdermittel sichern und Chancen nutzen!<\/h2><\/div><p class=\"uagb-ifb-desc\">Kontaktieren Sie uns f\u00fcr eine individuelle Beratung zu Ihren F\u00f6rderprojekten.<\/p><div class=\"uagb-ifb-button-wrapper wp-block-button\"><a href=\"\/landing\/contact\/\" class=\"uagb-infobox-cta-link wp-block-button__link\" target=\"_self\" rel=\"noopener noreferrer\" onclick=\"return true;\"><span class=\"uagb-inline-editing\">Jetzt starten<\/span><\/a><\/div><\/div><\/div>\n<\/div><\/div>\n\n\n\n<p><\/p>\n","protected":false},"excerpt":{"rendered":"<p>\u00dcber uns Ihr Partner f\u00fcr erfolgreiche F\u00f6rdermittelantr\u00e4ge im F&amp;E-Bereich Unsere Mission Innovationsf\u00f6rderung durch professionelle Beratung und Expertise im F\u00f6rdermittelbereich Wir [&hellip;]<\/p>\n","protected":false},"author":1,"featured_media":0,"parent":0,"menu_order":0,"comment_status":"closed","ping_status":"closed","template":"","meta":{"_uag_custom_page_level_css":"","site-sidebar-layout":"default","site-content-layout":"","ast-site-content-layout":"default","site-content-style":"default","site-sidebar-style":"default","ast-global-header-display":"","ast-banner-title-visibility":"","ast-main-header-display":"","ast-hfb-above-header-display":"","ast-hfb-below-header-display":"","ast-hfb-mobile-header-display":"","site-post-title":"disabled","ast-breadcrumbs-content":"","ast-featured-img":"","footer-sml-layout":"","ast-disable-related-posts":"","theme-transparent-header-meta":"","adv-header-id-meta":"","stick-header-meta":"","header-above-stick-meta":"","header-main-stick-meta":"","header-below-stick-meta":"","astra-migrate-meta-layouts":"default","ast-page-background-enabled":"default","ast-page-background-meta":{"desktop":{"background-color":"var(--ast-global-color-4)","background-image":"","background-repeat":"repeat","background-position":"center center","background-size":"auto","background-attachment":"scroll","background-type":"","background-media":"","overlay-type":"","overlay-color":"","overlay-opacity":"","overlay-gradient":""},"tablet":{"background-color":"","background-image":"","background-repeat":"repeat","background-position":"center center","background-size":"auto","background-attachment":"scroll","background-type":"","background-media":"","overlay-type":"","overlay-color":"","overlay-opacity":"","overlay-gradient":""},"mobile":{"background-color":"","background-image":"","background-repeat":"repeat","background-position":"center center","background-size":"auto","background-attachment":"scroll","background-type":"","background-media":"","overlay-type":"","overlay-color":"","overlay-opacity":"","overlay-gradient":""}},"ast-content-background-meta":{"desktop":{"background-color":"var(--ast-global-color-5)","background-image":"","background-repeat":"repeat","background-position":"center center","background-size":"auto","background-attachment":"scroll","background-type":"","background-media":"","overlay-type":"","overlay-color":"","overlay-opacity":"","overlay-gradient":""},"tablet":{"background-color":"var(--ast-global-color-5)","background-image":"","background-repeat":"repeat","background-position":"center center","background-size":"auto","background-attachment":"scroll","background-type":"","background-media":"","overlay-type":"","overlay-color":"","overlay-opacity":"","overlay-gradient":""},"mobile":{"background-color":"var(--ast-global-color-5)","background-image":"","background-repeat":"repeat","background-position":"center center","background-size":"auto","background-attachment":"scroll","background-type":"","background-media":"","overlay-type":"","overlay-color":"","overlay-opacity":"","overlay-gradient":""}},"footnotes":""},"class_list":["post-36","page","type-page","status-publish","hentry"],"uagb_featured_image_src":{"full":false,"thumbnail":false,"medium":false,"medium_large":false,"large":false,"1536x1536":false,"2048x2048":false},"uagb_author_info":{"display_name":"aloidmin","author_link":"https:\/\/www.fundefoerderung.de\/landing\/author\/aloidmin\/"},"uagb_comment_info":0,"uagb_excerpt":"\u00dcber uns Ihr Partner f\u00fcr erfolgreiche F\u00f6rdermittelantr\u00e4ge im F&amp;E-Bereich Unsere Mission Innovationsf\u00f6rderung durch professionelle Beratung und Expertise im F\u00f6rdermittelbereich Wir [&hellip;]","_links":{"self":[{"href":"https:\/\/www.fundefoerderung.de\/landing\/wp-json\/wp\/v2\/pages\/36","targetHints":{"allow":["GET"]}}],"collection":[{"href":"https:\/\/www.fundefoerderung.de\/landing\/wp-json\/wp\/v2\/pages"}],"about":[{"href":"https:\/\/www.fundefoerderung.de\/landing\/wp-json\/wp\/v2\/types\/page"}],"author":[{"embeddable":true,"href":"https:\/\/www.fundefoerderung.de\/landing\/wp-json\/wp\/v2\/users\/1"}],"replies":[{"embeddable":true,"href":"https:\/\/www.fundefoerderung.de\/landing\/wp-json\/wp\/v2\/comments?post=36"}],"version-history":[{"count":6,"href":"https:\/\/www.fundefoerderung.de\/landing\/wp-json\/wp\/v2\/pages\/36\/revisions"}],"predecessor-version":[{"id":373,"href":"https:\/\/www.fundefoerderung.de\/landing\/wp-json\/wp\/v2\/pages\/36\/revisions\/373"}],"wp:attachment":[{"href":"https:\/\/www.fundefoerderung.de\/landing\/wp-json\/wp\/v2\/media?parent=36"}],"curies":[{"name":"wp","href":"https:\/\/api.w.org\/{rel}","templated":true}]}}